{"id":86,"date":"2011-04-12T18:39:44","date_gmt":"2011-04-12T22:39:44","guid":{"rendered":"http:\/\/bungalow-anthurium.fr\/?page_id=86"},"modified":"2025-12-23T18:56:49","modified_gmt":"2025-12-23T22:56:49","slug":"visites","status":"publish","type":"page","link":"https:\/\/bellecasapaulo.fr\/?page_id=86","title":{"rendered":"Visites"},"content":{"rendered":"<p>Sur cette page, je vous livre les photos de quelques endroits que je vous sugg\u00e8re de d\u00e9couvrir durant votre s\u00e9jour.<\/p>\n<p><a href=\"https:\/\/bellecasapaulo.fr\/wp-content\/uploads\/2011\/04\/Photos-bungalow-0140.jpg\"><img loading=\"lazy\" decoding=\"async\" class=\"size-medium wp-image-87 alignnone\" title=\"plage\" src=\"https:\/\/bellecasapaulo.fr\/wp-content\/uploads\/2011\/04\/Photos-bungalow-0140-300x225.jpg\" alt=\"plage\" width=\"300\" height=\"225\" srcset=\"https:\/\/bellecasapaulo.fr\/wp-content\/uploads\/2011\/04\/Photos-bungalow-0140-300x225.jpg 300w, https:\/\/bellecasapaulo.fr\/wp-content\/uploads\/2011\/04\/Photos-bungalow-0140.jpg 648w\" sizes=\"(max-width: 300px) 100vw, 300px\" \/><\/a>\u00a0 Malendure est un site tr\u00e8s appr\u00e9ci\u00e9 pour sa plage, vous pourrez en profiter pour effectuer des achats souvenir.<\/p>\n<p><a href=\"https:\/\/bellecasapaulo.fr\/wp-content\/uploads\/2011\/04\/Photos-bungalow-0050.jpg\"><img loading=\"lazy\" decoding=\"async\" class=\"alignnone size-medium wp-image-88\" title=\"ilet\" src=\"https:\/\/bellecasapaulo.fr\/wp-content\/uploads\/2011\/04\/Photos-bungalow-0050-300x225.jpg\" alt=\"ilet\" width=\"300\" height=\"225\" srcset=\"https:\/\/bellecasapaulo.fr\/wp-content\/uploads\/2011\/04\/Photos-bungalow-0050-300x225.jpg 300w, https:\/\/bellecasapaulo.fr\/wp-content\/uploads\/2011\/04\/Photos-bungalow-0050.jpg 648w\" sizes=\"(max-width: 300px) 100vw, 300px\" \/><\/a>\u00a0 \u00c0 d\u00e9couvrir l&rsquo;\u00eelet de Malendure.<\/p>\n<p><a href=\"https:\/\/bellecasapaulo.fr\/wp-content\/uploads\/2011\/04\/Photos-bungalow-0100.jpg\"><img loading=\"lazy\" decoding=\"async\" class=\"alignnone size-medium wp-image-89\" title=\"Anse \u00e0 N\u00e9gresse\" src=\"https:\/\/bellecasapaulo.fr\/wp-content\/uploads\/2011\/04\/Photos-bungalow-0100-300x225.jpg\" alt=\"Anse \u00e0 N\u00e9gresse\" width=\"300\" height=\"225\" srcset=\"https:\/\/bellecasapaulo.fr\/wp-content\/uploads\/2011\/04\/Photos-bungalow-0100-300x225.jpg 300w, https:\/\/bellecasapaulo.fr\/wp-content\/uploads\/2011\/04\/Photos-bungalow-0100.jpg 648w\" sizes=\"(max-width: 300px) 100vw, 300px\" \/><\/a>\u00a0 Une balade au bord de la mer vous permettra de visiter le littoral et\u00a0vous offrira de belles vues.<\/p>\n<p><a href=\"https:\/\/bellecasapaulo.fr\/wp-content\/uploads\/2011\/04\/Photos-bungalow-0080.jpg\"><img loading=\"lazy\" decoding=\"async\" class=\"size-medium wp-image-94 alignnone\" title=\"ilet malendure\" src=\"https:\/\/bellecasapaulo.fr\/wp-content\/uploads\/2011\/04\/Photos-bungalow-0080-300x225.jpg\" alt=\"ilet malendure\" width=\"300\" height=\"225\" srcset=\"https:\/\/bellecasapaulo.fr\/wp-content\/uploads\/2011\/04\/Photos-bungalow-0080-300x225.jpg 300w, https:\/\/bellecasapaulo.fr\/wp-content\/uploads\/2011\/04\/Photos-bungalow-0080.jpg 648w\" sizes=\"(max-width: 300px) 100vw, 300px\" \/><\/a>\u00a0 Pour vous rendre \u00e0 l&rsquo;Ilet de Malendure, vous pourrez monter \u00e0 bord du bateau \u00e0 fond de verre qui effectue plusieurs rotations durant la journ\u00e9e. Vous pourrez voir au fond du bateau le plus beau fond marin du Monde ! Si vous vous laissez tenter vous pourrez effectuer une visite accompagn\u00e9e en plong\u00e9e sous-marine.<\/p>\n<p><a href=\"https:\/\/bellecasapaulo.fr\/wp-content\/uploads\/2011\/04\/Photos-bungalow-0180.jpg\"><img loading=\"lazy\" decoding=\"async\" class=\"alignnone size-medium wp-image-91\" title=\"chute &quot;trou \u00e0 diable&quot;\" src=\"https:\/\/bellecasapaulo.fr\/wp-content\/uploads\/2011\/04\/Photos-bungalow-0180-146x300.jpg\" alt=\"chute &quot;trou \u00e0 diable&quot;\" width=\"146\" height=\"300\" srcset=\"https:\/\/bellecasapaulo.fr\/wp-content\/uploads\/2011\/04\/Photos-bungalow-0180-146x300.jpg 146w, https:\/\/bellecasapaulo.fr\/wp-content\/uploads\/2011\/04\/Photos-bungalow-0180.jpg 237w\" sizes=\"(max-width: 146px) 100vw, 146px\" \/><\/a> Une sympathique marche au cours de laquelle vous pourrez admirer des arbres et plantes tropicaux vous am\u00e8nerait au lieu appel\u00e9 \u00ab\u00a0Trou \u00e0 Diable\u00a0\u00bb. C&rsquo;est un lieu magnifique \u00e0 d\u00e9couvrir o\u00f9 l&rsquo;ambiance est extraordinaire. Vous pourrez \u00e0 cet endroit \u00e9couter la nature vivre.<\/p>\n<p><a href=\"https:\/\/bellecasapaulo.fr\/wp-content\/uploads\/2011\/04\/Coeur-de-bouillante-1505112.jpg\"><img loading=\"lazy\" decoding=\"async\" class=\"alignnone size-medium wp-image-145\" title=\"Coeur-de-bouillante\" src=\"https:\/\/bellecasapaulo.fr\/wp-content\/uploads\/2011\/04\/Coeur-de-bouillante-1505112-300x225.jpg\" alt=\"Coeur-de-bouillante\" width=\"300\" height=\"225\" srcset=\"https:\/\/bellecasapaulo.fr\/wp-content\/uploads\/2011\/04\/Coeur-de-bouillante-1505112-300x225.jpg 300w, https:\/\/bellecasapaulo.fr\/wp-content\/uploads\/2011\/04\/Coeur-de-bouillante-1505112.jpg 680w\" sizes=\"(max-width: 300px) 100vw, 300px\" \/><\/a> Arr\u00eatez-vous un instant pour regarder Le C\u0153ur de Bouillante.<\/p>\n<p><a href=\"https:\/\/bellecasapaulo.fr\/wp-content\/uploads\/2011\/04\/Plong\u00e9e-sous-marine.jpg\"><img loading=\"lazy\" decoding=\"async\" class=\"alignnone size-medium wp-image-146\" title=\"Plong\u00e9e-sous-marine\" src=\"https:\/\/bellecasapaulo.fr\/wp-content\/uploads\/2011\/04\/Plong\u00e9e-sous-marine-300x259.jpg\" alt=\"Plong\u00e9e-sous-marine\" width=\"300\" height=\"259\" srcset=\"https:\/\/bellecasapaulo.fr\/wp-content\/uploads\/2011\/04\/Plong\u00e9e-sous-marine-300x259.jpg 300w, https:\/\/bellecasapaulo.fr\/wp-content\/uploads\/2011\/04\/Plong\u00e9e-sous-marine.jpg 481w\" sizes=\"(max-width: 300px) 100vw, 300px\" \/><\/a> Avec ou sans accompagnement, offrez-vous des instants de plong\u00e9e sous-marine.<\/p>\n<p><a href=\"https:\/\/bellecasapaulo.fr\/wp-content\/uploads\/2011\/04\/Tortue.jpg\"><img loading=\"lazy\" decoding=\"async\" class=\"alignnone size-medium wp-image-147\" title=\"Tortue\" src=\"https:\/\/bellecasapaulo.fr\/wp-content\/uploads\/2011\/04\/Tortue-300x217.jpg\" alt=\"Tortue\" width=\"300\" height=\"217\" srcset=\"https:\/\/bellecasapaulo.fr\/wp-content\/uploads\/2011\/04\/Tortue-300x217.jpg 300w, https:\/\/bellecasapaulo.fr\/wp-content\/uploads\/2011\/04\/Tortue.jpg 519w\" sizes=\"(max-width: 300px) 100vw, 300px\" \/><\/a> Esp\u00e8ce prot\u00e9g\u00e9e, la Tortue Marine est bien pr\u00e9sente dans la Mer des Cara\u00efbes\u2026<\/p>\n\n\n<p><\/p>\n","protected":false},"excerpt":{"rendered":"<p>Sur cette page, je vous livre les photos de quelques endroits que je vous sugg\u00e8re de d\u00e9couvrir durant votre s\u00e9jour. \u00a0 Malendure est un site tr\u00e8s appr\u00e9ci\u00e9 pour sa plage, vous pourrez en profiter pour effectuer des achats souvenir. \u00a0 \u00c0 d\u00e9couvrir l&rsquo;\u00eelet de Malendure. \u00a0 Une balade au bord de la mer vous permettra [&hellip;]<\/p>\n","protected":false},"author":2,"featured_media":0,"parent":0,"menu_order":0,"comment_status":"open","ping_status":"open","template":"","meta":{"footnotes":""},"class_list":["post-86","page","type-page","status-publish","hentry"],"_links":{"self":[{"href":"https:\/\/bellecasapaulo.fr\/index.php?rest_route=\/wp\/v2\/pages\/86"}],"collection":[{"href":"https:\/\/bellecasapaulo.fr\/index.php?rest_route=\/wp\/v2\/pages"}],"about":[{"href":"https:\/\/bellecasapaulo.fr\/index.php?rest_route=\/wp\/v2\/types\/page"}],"author":[{"embeddable":true,"href":"https:\/\/bellecasapaulo.fr\/index.php?rest_route=\/wp\/v2\/users\/2"}],"replies":[{"embeddable":true,"href":"https:\/\/bellecasapaulo.fr\/index.php?rest_route=%2Fwp%2Fv2%2Fcomments&post=86"}],"version-history":[{"count":10,"href":"https:\/\/bellecasapaulo.fr\/index.php?rest_route=\/wp\/v2\/pages\/86\/revisions"}],"predecessor-version":[{"id":342,"href":"https:\/\/bellecasapaulo.fr\/index.php?rest_route=\/wp\/v2\/pages\/86\/revisions\/342"}],"wp:attachment":[{"href":"https:\/\/bellecasapaulo.fr\/index.php?rest_route=%2Fwp%2Fv2%2Fmedia&parent=86"}],"curies":[{"name":"wp","href":"https:\/\/api.w.org\/{rel}","templated":true}]}}