{"id":66,"date":"2011-04-04T19:06:27","date_gmt":"2011-04-04T23:06:27","guid":{"rendered":"http:\/\/bungalow-anthurium.fr\/?page_id=66"},"modified":"2020-05-09T18:31:21","modified_gmt":"2020-05-09T22:31:21","slug":"infos-complementaires","status":"publish","type":"page","link":"https:\/\/bellecasapaulo.fr\/?page_id=66","title":{"rendered":"Tarifs"},"content":{"rendered":"\n<p>  <strong>TARIFS&nbsp; TTC &nbsp;BUNGALOWS&nbsp; &nbsp;ANN\u00c9E 2020<\/strong> <\/p>\n\n\n\n<figure class=\"wp-block-table\"><table class=\"\"><tbody><tr><td>Bungalows<\/td><td>Tarif par nuit<\/td><td>Capacit\u00e9 d&rsquo;accueil<\/td><\/tr><tr><td><\/td><td><\/td><td><\/td><\/tr><tr><td> Bungalow Figy\u00e9 <\/td><td> 90 \u20ac&nbsp; <\/td><td> 4 personnes<\/td><\/tr><tr><td> Bungalow Kanel <\/td><td> 75 \u20ac&nbsp;  <\/td><td> 2 personnes<\/td><\/tr><tr><td>T3 Bas de Villa<\/td><td>  115 \u20ac  <\/td><td>6 personnes <\/td><\/tr><\/tbody><\/table><\/figure>\n\n\n\n<p> <a href=\"https:\/\/bellecasapaulo.fr\/?page_id=2\">Cliquez ici pour nous contacter<\/a> <\/p>\n\n\n\n<p><\/p>\n","protected":false},"excerpt":{"rendered":"<p>TARIFS&nbsp; TTC &nbsp;BUNGALOWS&nbsp; &nbsp;ANN\u00c9E 2020 Bungalows Tarif par nuit Capacit\u00e9 d&rsquo;accueil Bungalow Figy\u00e9 90 \u20ac&nbsp; 4 personnes Bungalow Kanel 75 \u20ac&nbsp; 2 personnes T3 Bas de Villa 115 \u20ac 6 personnes Cliquez ici pour nous contacter<\/p>\n","protected":false},"author":2,"featured_media":0,"parent":0,"menu_order":0,"comment_status":"open","ping_status":"open","template":"","meta":{"footnotes":""},"class_list":["post-66","page","type-page","status-publish","hentry"],"_links":{"self":[{"href":"https:\/\/bellecasapaulo.fr\/index.php?rest_route=\/wp\/v2\/pages\/66"}],"collection":[{"href":"https:\/\/bellecasapaulo.fr\/index.php?rest_route=\/wp\/v2\/pages"}],"about":[{"href":"https:\/\/bellecasapaulo.fr\/index.php?rest_route=\/wp\/v2\/types\/page"}],"author":[{"embeddable":true,"href":"https:\/\/bellecasapaulo.fr\/index.php?rest_route=\/wp\/v2\/users\/2"}],"replies":[{"embeddable":true,"href":"https:\/\/bellecasapaulo.fr\/index.php?rest_route=%2Fwp%2Fv2%2Fcomments&post=66"}],"version-history":[{"count":18,"href":"https:\/\/bellecasapaulo.fr\/index.php?rest_route=\/wp\/v2\/pages\/66\/revisions"}],"predecessor-version":[{"id":280,"href":"https:\/\/bellecasapaulo.fr\/index.php?rest_route=\/wp\/v2\/pages\/66\/revisions\/280"}],"wp:attachment":[{"href":"https:\/\/bellecasapaulo.fr\/index.php?rest_route=%2Fwp%2Fv2%2Fmedia&parent=66"}],"curies":[{"name":"wp","href":"https:\/\/api.w.org\/{rel}","templated":true}]}}