{"id":37,"date":"2011-04-02T19:58:06","date_gmt":"2011-04-02T23:58:06","guid":{"rendered":"http:\/\/bungalow-anthurium.fr\/?page_id=37"},"modified":"2020-05-14T19:17:44","modified_gmt":"2020-05-14T23:17:44","slug":"livre-dor","status":"publish","type":"page","link":"https:\/\/bellecasapaulo.fr\/?page_id=37","title":{"rendered":"Livre D&rsquo;or"},"content":{"rendered":"<p>Vous avez appr\u00e9ci\u00e9 votre s\u00e9jour ??? Vous avez la possibilit\u00e9 de \u00ab\u00a0signer\u00a0\u00bb le livre d&rsquo;or en bas de cette page !<\/p>\n\n\n<div class=\"wp-block-image\"><figure class=\"aligncenter size-large\"><img loading=\"lazy\" decoding=\"async\" width=\"800\" height=\"800\" src=\"https:\/\/bellecasapaulo.fr\/wp-content\/uploads\/2020\/05\/Livre-dor.jpg\" alt=\"\" class=\"wp-image-291\" srcset=\"https:\/\/bellecasapaulo.fr\/wp-content\/uploads\/2020\/05\/Livre-dor.jpg 800w, https:\/\/bellecasapaulo.fr\/wp-content\/uploads\/2020\/05\/Livre-dor-300x300.jpg 300w, https:\/\/bellecasapaulo.fr\/wp-content\/uploads\/2020\/05\/Livre-dor-150x150.jpg 150w, https:\/\/bellecasapaulo.fr\/wp-content\/uploads\/2020\/05\/Livre-dor-768x768.jpg 768w, https:\/\/bellecasapaulo.fr\/wp-content\/uploads\/2020\/05\/Livre-dor-144x144.jpg 144w\" sizes=\"(max-width: 800px) 100vw, 800px\" \/><\/figure><\/div>\n","protected":false},"excerpt":{"rendered":"<p>Vous avez appr\u00e9ci\u00e9 votre s\u00e9jour ??? Vous avez la possibilit\u00e9 de \u00ab\u00a0signer\u00a0\u00bb le livre d&rsquo;or en bas de cette page !<\/p>\n","protected":false},"author":2,"featured_media":0,"parent":0,"menu_order":0,"comment_status":"open","ping_status":"open","template":"","meta":{"footnotes":""},"class_list":["post-37","page","type-page","status-publish","hentry"],"_links":{"self":[{"href":"https:\/\/bellecasapaulo.fr\/index.php?rest_route=\/wp\/v2\/pages\/37"}],"collection":[{"href":"https:\/\/bellecasapaulo.fr\/index.php?rest_route=\/wp\/v2\/pages"}],"about":[{"href":"https:\/\/bellecasapaulo.fr\/index.php?rest_route=\/wp\/v2\/types\/page"}],"author":[{"embeddable":true,"href":"https:\/\/bellecasapaulo.fr\/index.php?rest_route=\/wp\/v2\/users\/2"}],"replies":[{"embeddable":true,"href":"https:\/\/bellecasapaulo.fr\/index.php?rest_route=%2Fwp%2Fv2%2Fcomments&post=37"}],"version-history":[{"count":2,"href":"https:\/\/bellecasapaulo.fr\/index.php?rest_route=\/wp\/v2\/pages\/37\/revisions"}],"predecessor-version":[{"id":293,"href":"https:\/\/bellecasapaulo.fr\/index.php?rest_route=\/wp\/v2\/pages\/37\/revisions\/293"}],"wp:attachment":[{"href":"https:\/\/bellecasapaulo.fr\/index.php?rest_route=%2Fwp%2Fv2%2Fmedia&parent=37"}],"curies":[{"name":"wp","href":"https:\/\/api.w.org\/{rel}","templated":true}]}}