{"id":316,"date":"2025-12-20T11:42:18","date_gmt":"2025-12-20T15:42:18","guid":{"rendered":"https:\/\/bellecasapaulo.fr\/?page_id=316"},"modified":"2025-12-23T19:30:17","modified_gmt":"2025-12-23T23:30:17","slug":"ideal-pour-les-amoureux-de-la-nature","status":"publish","type":"page","link":"https:\/\/bellecasapaulo.fr\/?page_id=316","title":{"rendered":"Id\u00e9al pour les amoureux de la nature"},"content":{"rendered":"\n<h2 class=\"wp-block-heading\">Bienvenue \u00e0 Belle Casa Paulo !<\/h2>\n\n\n\n<p>Situ\u00e9 dans un cadre arbor\u00e9 o\u00f9\u00a0la temp\u00e9rature est agr\u00e9able dans la commune<br><a href=\"https:\/\/bellecasapaulo.fr\/#carte\"><strong>Bouillante<\/strong><\/a>\u00a0en\u00a0<strong>Guadeloupe<\/strong>. Denis et\u00a0Patricia vous accueillent dans une maisonnette compos\u00e9e de : 1 chambre en mezzanine, 1 S\u00e9jour (+ lit escamotable 2 places), 1 cuisine am\u00e9nag\u00e9e, Salle d\u2019eau, Toilettes.<\/p>\n\n\n\n<p>Le logement est en excellent \u00e9tat.<\/p>\n\n\n\n<p>Capacit\u00e9 d\u2019accueil : 4 personnes<\/p>\n\n\n\n<p>\u00c0 votre disposition :<\/p>\n\n\n\n<p>Lave-linge, four \u00e0 microondes, T\u00e9l\u00e9, r\u00e9frig\u00e9rateur, fer \u00e0 repasser, ustensiles de cuisine.<\/p>\n\n\n\n<p>Une cuisine locale peut vous \u00eatre livr\u00e9e \u00e0 domicile si vous le souhaitez.<\/p>\n\n\n\n<p>Une femme de m\u00e9nage peut \u00e9galement vous proposer ses services.<\/p>\n\n\n\n<p><strong>Informations compl\u00e9mentaires<\/strong><\/p>\n\n\n\n<p>Villes proches : Bouillante, Basse-Terre, Pointe-Noire<\/p>\n\n\n\n<p>Plage proche : Malendure (r\u00e9serve Cousteau) \u00e0 5 mn<\/p>\n\n\n\n<p>Activit\u00e9s proches : Excursions en mer,<\/p>\n\n\n\n<p>Plong\u00e9e sous marine,<\/p>\n\n\n\n<p>Kayak en mer,<\/p>\n\n\n\n<p>Jet ski,<\/p>\n\n\n\n<p>Location de bateau,<\/p>\n\n\n\n<p>Visite de l\u2019ilet, bateau \u00e0 fond de verre, du parc zoologique, et de la soufri\u00e8re.<\/p>\n\n\n\n<p>Voyez quelques photos du Bungalow ; cliquez pour les agrandir&nbsp;:<\/p>\n\n\n\n<figure class=\"wp-block-gallery has-nested-images columns-default is-cropped wp-block-gallery-1 is-layout-flex wp-block-gallery-is-layout-flex\">\n<figure class=\"wp-block-image size-large\"><a href=\"https:\/\/bellecasapaulo.fr\/wp-content\/uploads\/2011\/03\/Bungalow-Anthurium2.jpg\"><img loading=\"lazy\" decoding=\"async\" width=\"640\" height=\"480\" data-id=\"43\" src=\"https:\/\/bellecasapaulo.fr\/wp-content\/uploads\/2011\/03\/Bungalow-Anthurium2.jpg\" alt=\"Bungalow-Anthurium\" class=\"wp-image-43\" srcset=\"https:\/\/bellecasapaulo.fr\/wp-content\/uploads\/2011\/03\/Bungalow-Anthurium2.jpg 640w, https:\/\/bellecasapaulo.fr\/wp-content\/uploads\/2011\/03\/Bungalow-Anthurium2-300x225.jpg 300w\" sizes=\"(max-width: 640px) 100vw, 640px\" \/><\/a><\/figure>\n\n\n\n<figure class=\"wp-block-image size-large\"><a href=\"https:\/\/bellecasapaulo.fr\/wp-content\/uploads\/2012\/10\/IMG_13071.jpg\"><img loading=\"lazy\" decoding=\"async\" width=\"1024\" height=\"768\" data-id=\"186\" src=\"https:\/\/bellecasapaulo.fr\/wp-content\/uploads\/2012\/10\/IMG_13071-1024x768.jpg\" alt=\"Cuisine-am\u00e9nag\u00e9e_1307\" class=\"wp-image-186\" srcset=\"https:\/\/bellecasapaulo.fr\/wp-content\/uploads\/2012\/10\/IMG_13071-1024x768.jpg 1024w, https:\/\/bellecasapaulo.fr\/wp-content\/uploads\/2012\/10\/IMG_13071-300x225.jpg 300w\" sizes=\"(max-width: 1024px) 100vw, 1024px\" \/><\/a><\/figure>\n\n\n\n<figure class=\"wp-block-image size-large\"><a href=\"https:\/\/bellecasapaulo.fr\/wp-content\/uploads\/2012\/10\/IMG_13052.jpg\"><img loading=\"lazy\" decoding=\"async\" width=\"1024\" height=\"768\" data-id=\"171\" src=\"https:\/\/bellecasapaulo.fr\/wp-content\/uploads\/2012\/10\/IMG_13052-1024x768.jpg\" alt=\"Photo-Cuisine-am\u00e9nag\u00e9e\" class=\"wp-image-171\" srcset=\"https:\/\/bellecasapaulo.fr\/wp-content\/uploads\/2012\/10\/IMG_13052-1024x768.jpg 1024w, https:\/\/bellecasapaulo.fr\/wp-content\/uploads\/2012\/10\/IMG_13052-300x225.jpg 300w\" sizes=\"(max-width: 1024px) 100vw, 1024px\" \/><\/a><\/figure>\n\n\n\n<figure class=\"wp-block-image size-large\"><a href=\"https:\/\/bellecasapaulo.fr\/wp-content\/uploads\/2011\/03\/Photos-bungalow-05101.jpg\"><img loading=\"lazy\" decoding=\"async\" width=\"312\" height=\"234\" data-id=\"53\" src=\"https:\/\/bellecasapaulo.fr\/wp-content\/uploads\/2011\/03\/Photos-bungalow-05101.jpg\" alt=\"Salon-S\u00e9jour\" class=\"wp-image-53\" srcset=\"https:\/\/bellecasapaulo.fr\/wp-content\/uploads\/2011\/03\/Photos-bungalow-05101.jpg 312w, https:\/\/bellecasapaulo.fr\/wp-content\/uploads\/2011\/03\/Photos-bungalow-05101-300x225.jpg 300w\" sizes=\"(max-width: 312px) 100vw, 312px\" \/><\/a><\/figure>\n\n\n\n<figure class=\"wp-block-image size-large\"><a href=\"https:\/\/bellecasapaulo.fr\/wp-content\/uploads\/2011\/03\/Photos-bungalow-06601.jpg\"><img loading=\"lazy\" decoding=\"async\" width=\"312\" height=\"234\" data-id=\"55\" src=\"https:\/\/bellecasapaulo.fr\/wp-content\/uploads\/2011\/03\/Photos-bungalow-06601.jpg\" alt=\"Lit escamotable du bas\" class=\"wp-image-55\" srcset=\"https:\/\/bellecasapaulo.fr\/wp-content\/uploads\/2011\/03\/Photos-bungalow-06601.jpg 312w, https:\/\/bellecasapaulo.fr\/wp-content\/uploads\/2011\/03\/Photos-bungalow-06601-300x225.jpg 300w\" sizes=\"(max-width: 312px) 100vw, 312px\" \/><\/a><\/figure>\n\n\n\n<figure class=\"wp-block-image size-large\"><a href=\"https:\/\/bellecasapaulo.fr\/wp-content\/uploads\/2012\/10\/IMG_1292.jpg\"><img loading=\"lazy\" decoding=\"async\" width=\"1024\" height=\"768\" data-id=\"173\" src=\"https:\/\/bellecasapaulo.fr\/wp-content\/uploads\/2012\/10\/IMG_1292-1024x768.jpg\" alt=\"Photo-Lit-Mezzanine\" class=\"wp-image-173\" srcset=\"https:\/\/bellecasapaulo.fr\/wp-content\/uploads\/2012\/10\/IMG_1292-1024x768.jpg 1024w, https:\/\/bellecasapaulo.fr\/wp-content\/uploads\/2012\/10\/IMG_1292-300x225.jpg 300w\" sizes=\"(max-width: 1024px) 100vw, 1024px\" \/><\/a><\/figure>\n\n\n\n<figure class=\"wp-block-image size-large\"><a href=\"https:\/\/bellecasapaulo.fr\/wp-content\/uploads\/2012\/10\/IMG_1311.jpg\"><img loading=\"lazy\" decoding=\"async\" width=\"1024\" height=\"768\" data-id=\"172\" src=\"https:\/\/bellecasapaulo.fr\/wp-content\/uploads\/2012\/10\/IMG_1311-1024x768.jpg\" alt=\"Photo-Galerie\" class=\"wp-image-172\" srcset=\"https:\/\/bellecasapaulo.fr\/wp-content\/uploads\/2012\/10\/IMG_1311-1024x768.jpg 1024w, https:\/\/bellecasapaulo.fr\/wp-content\/uploads\/2012\/10\/IMG_1311-300x225.jpg 300w\" sizes=\"(max-width: 1024px) 100vw, 1024px\" \/><\/a><\/figure>\n\n\n\n<figure class=\"wp-block-image size-large\"><a href=\"https:\/\/bellecasapaulo.fr\/wp-content\/uploads\/2011\/03\/Photos-bungalow-0290.jpg\"><img loading=\"lazy\" decoding=\"async\" width=\"312\" height=\"234\" data-id=\"49\" src=\"https:\/\/bellecasapaulo.fr\/wp-content\/uploads\/2011\/03\/Photos-bungalow-0290.jpg\" alt=\"Bungalow-Anthurium\" class=\"wp-image-49\" srcset=\"https:\/\/bellecasapaulo.fr\/wp-content\/uploads\/2011\/03\/Photos-bungalow-0290.jpg 312w, https:\/\/bellecasapaulo.fr\/wp-content\/uploads\/2011\/03\/Photos-bungalow-0290-300x225.jpg 300w\" sizes=\"(max-width: 312px) 100vw, 312px\" \/><\/a><\/figure>\n\n\n\n<figure class=\"wp-block-image size-large\"><a href=\"https:\/\/bellecasapaulo.fr\/wp-content\/uploads\/2011\/04\/Bungalow.jpg\"><img loading=\"lazy\" decoding=\"async\" width=\"640\" height=\"480\" data-id=\"149\" src=\"https:\/\/bellecasapaulo.fr\/wp-content\/uploads\/2011\/04\/Bungalow.jpg\" alt=\"\" class=\"wp-image-149\" srcset=\"https:\/\/bellecasapaulo.fr\/wp-content\/uploads\/2011\/04\/Bungalow.jpg 640w, https:\/\/bellecasapaulo.fr\/wp-content\/uploads\/2011\/04\/Bungalow-300x225.jpg 300w\" sizes=\"(max-width: 640px) 100vw, 640px\" \/><\/a><\/figure>\n\n\n\n<figure class=\"wp-block-image size-large\"><a href=\"https:\/\/bellecasapaulo.fr\/wp-content\/uploads\/2012\/10\/La-Piscine13.jpg\"><img loading=\"lazy\" decoding=\"async\" width=\"1024\" height=\"680\" data-id=\"193\" src=\"https:\/\/bellecasapaulo.fr\/wp-content\/uploads\/2012\/10\/La-Piscine13-1024x680.jpg\" alt=\"\" class=\"wp-image-193\" srcset=\"https:\/\/bellecasapaulo.fr\/wp-content\/uploads\/2012\/10\/La-Piscine13-1024x680.jpg 1024w, https:\/\/bellecasapaulo.fr\/wp-content\/uploads\/2012\/10\/La-Piscine13-300x199.jpg 300w\" sizes=\"(max-width: 1024px) 100vw, 1024px\" \/><\/a><\/figure>\n<\/figure>\n\n\n\n<h2 class=\"wp-block-heading\">Avantages<\/h2>\n\n\n\n<ul class=\"wp-block-list\">\n<li>Vue sur la montagne<\/li>\n\n\n\n<li>Propri\u00e9t\u00e9 cl\u00f4tur\u00e9e<\/li>\n\n\n\n<li>2 Parkings<\/li>\n<\/ul>\n\n\n\n<p>Situation&nbsp;g\u00e9ographique&nbsp;:<\/p>\n\n\n\n<figure class=\"wp-block-image size-full\"><a href=\"https:\/\/bellecasapaulo.fr\/wp-content\/uploads\/2011\/03\/Carte-Guadeloupe.jpg\"><img loading=\"lazy\" decoding=\"async\" width=\"467\" height=\"332\" src=\"https:\/\/bellecasapaulo.fr\/wp-content\/uploads\/2011\/03\/Carte-Guadeloupe.jpg\" alt=\"Carte Guadeloupe - Nous sommes situ\u00e9s \u00e0 Bouillante\" class=\"wp-image-108\" srcset=\"https:\/\/bellecasapaulo.fr\/wp-content\/uploads\/2011\/03\/Carte-Guadeloupe.jpg 467w, https:\/\/bellecasapaulo.fr\/wp-content\/uploads\/2011\/03\/Carte-Guadeloupe-300x213.jpg 300w\" sizes=\"(max-width: 467px) 100vw, 467px\" \/><\/a><\/figure>\n\n\n\n<p><\/p>\n\n\n\n<p class=\"has-text-align-center\"><a href=\"https:\/\/bellecasapaulo.fr\/\">Haut de page<\/a><\/p>\n\n\n<a class=\"wp-block-read-more\" href=\"https:\/\/bellecasapaulo.fr\/?page_id=316\" target=\"_self\">Lire la suite<span class=\"screen-reader-text\">\u00a0: Id\u00e9al pour les amoureux de la nature<\/span><\/a>","protected":false},"excerpt":{"rendered":"<p>Bienvenue \u00e0 Belle Casa Paulo ! Situ\u00e9 dans un cadre arbor\u00e9 o\u00f9\u00a0la temp\u00e9rature est agr\u00e9able dans la communeBouillante\u00a0en\u00a0Guadeloupe. Denis et\u00a0Patricia vous accueillent dans une maisonnette compos\u00e9e de : 1 chambre en mezzanine, 1 S\u00e9jour (+ lit escamotable 2 places), 1 cuisine am\u00e9nag\u00e9e, Salle d\u2019eau, Toilettes. Le logement est en excellent \u00e9tat. Capacit\u00e9 d\u2019accueil : 4 [&hellip;]<\/p>\n","protected":false},"author":2,"featured_media":0,"parent":0,"menu_order":0,"comment_status":"closed","ping_status":"closed","template":"","meta":{"footnotes":""},"class_list":["post-316","page","type-page","status-publish","hentry"],"_links":{"self":[{"href":"https:\/\/bellecasapaulo.fr\/index.php?rest_route=\/wp\/v2\/pages\/316"}],"collection":[{"href":"https:\/\/bellecasapaulo.fr\/index.php?rest_route=\/wp\/v2\/pages"}],"about":[{"href":"https:\/\/bellecasapaulo.fr\/index.php?rest_route=\/wp\/v2\/types\/page"}],"author":[{"embeddable":true,"href":"https:\/\/bellecasapaulo.fr\/index.php?rest_route=\/wp\/v2\/users\/2"}],"replies":[{"embeddable":true,"href":"https:\/\/bellecasapaulo.fr\/index.php?rest_route=%2Fwp%2Fv2%2Fcomments&post=316"}],"version-history":[{"count":3,"href":"https:\/\/bellecasapaulo.fr\/index.php?rest_route=\/wp\/v2\/pages\/316\/revisions"}],"predecessor-version":[{"id":351,"href":"https:\/\/bellecasapaulo.fr\/index.php?rest_route=\/wp\/v2\/pages\/316\/revisions\/351"}],"wp:attachment":[{"href":"https:\/\/bellecasapaulo.fr\/index.php?rest_route=%2Fwp%2Fv2%2Fmedia&parent=316"}],"curies":[{"name":"wp","href":"https:\/\/api.w.org\/{rel}","templated":true}]}}