{"id":223,"date":"2019-08-17T10:03:14","date_gmt":"2019-08-17T14:03:14","guid":{"rendered":"https:\/\/bellecasapaulo.fr\/?page_id=223"},"modified":"2025-12-23T19:17:56","modified_gmt":"2025-12-23T23:17:56","slug":"nouveau-bungalow","status":"publish","type":"page","link":"https:\/\/bellecasapaulo.fr\/?page_id=223","title":{"rendered":"Bungalow Kanel"},"content":{"rendered":"\n<p>Nous avons l&rsquo;honneur de vous accueillir dans le deuxi\u00e8me Bungalow qui vient s&rsquo;ajouter au premier et \u00e0 la partie Villa. Son agencement a \u00e9t\u00e9 pens\u00e9, toujours dans l&rsquo;id\u00e9e, pour que vous soyez \u00e0 votre aise !<\/p>\n\n\n\n<p>Je vous laisse d\u00e9couvrir quelques photos :<\/p>\n\n\n\n<p>Pour agrandir les photos (clic droit et \u00ab\u00a0Ouvrir l&rsquo;image dans un nouvel onglet\u00a0\u00bb)<\/p>\n\n\n\n<figure class=\"wp-block-gallery has-nested-images columns-default is-cropped wp-block-gallery-1 is-layout-flex wp-block-gallery-is-layout-flex\">\n<figure class=\"wp-block-image size-large\"><img loading=\"lazy\" decoding=\"async\" width=\"1024\" height=\"768\" data-id=\"251\" src=\"https:\/\/bellecasapaulo.fr\/wp-content\/uploads\/2019\/08\/IMG_3779-1-1024x768.jpg\" alt=\"Je me demande si c'est possible de miser sur l'\u00e9quipe qui a la cote la plus faible et miser sur nul au cas ou il n'y aurait pas de gagnant et miser sur l'\u00e9quipe qui a la cote la plus \u00e9lev\u00e9 si je pense qu'elle risque de gagner.\" class=\"wp-image-251\" srcset=\"https:\/\/bellecasapaulo.fr\/wp-content\/uploads\/2019\/08\/IMG_3779-1-1024x768.jpg 1024w, https:\/\/bellecasapaulo.fr\/wp-content\/uploads\/2019\/08\/IMG_3779-1-300x225.jpg 300w, https:\/\/bellecasapaulo.fr\/wp-content\/uploads\/2019\/08\/IMG_3779-1-768x576.jpg 768w\" sizes=\"(max-width: 1024px) 100vw, 1024px\" \/><\/figure>\n<\/figure>\n\n\n\n<figure class=\"wp-block-gallery has-nested-images columns-default is-cropped wp-block-gallery-2 is-layout-flex wp-block-gallery-is-layout-flex\">\n<figure class=\"wp-block-image size-large\"><img loading=\"lazy\" decoding=\"async\" width=\"1024\" height=\"768\" data-id=\"256\" src=\"https:\/\/bellecasapaulo.fr\/wp-content\/uploads\/2019\/08\/IMG_3784-1024x768.jpg\" alt=\"Bungalow2-entr\u00e9e-barbecue\" class=\"wp-image-256\" srcset=\"https:\/\/bellecasapaulo.fr\/wp-content\/uploads\/2019\/08\/IMG_3784-1024x768.jpg 1024w, https:\/\/bellecasapaulo.fr\/wp-content\/uploads\/2019\/08\/IMG_3784-300x225.jpg 300w, https:\/\/bellecasapaulo.fr\/wp-content\/uploads\/2019\/08\/IMG_3784-768x576.jpg 768w\" sizes=\"(max-width: 1024px) 100vw, 1024px\" \/><\/figure>\n<\/figure>\n\n\n\n<figure class=\"wp-block-gallery has-nested-images columns-default is-cropped wp-block-gallery-3 is-layout-flex wp-block-gallery-is-layout-flex\">\n<figure class=\"wp-block-image size-large\"><img loading=\"lazy\" decoding=\"async\" width=\"1024\" height=\"768\" data-id=\"252\" src=\"https:\/\/bellecasapaulo.fr\/wp-content\/uploads\/2019\/08\/IMG_3791-1024x768.jpg\" alt=\"Bungalow2-int\u00e9rieur-canap\u00e9 lit\" class=\"wp-image-252\" srcset=\"https:\/\/bellecasapaulo.fr\/wp-content\/uploads\/2019\/08\/IMG_3791-1024x768.jpg 1024w, https:\/\/bellecasapaulo.fr\/wp-content\/uploads\/2019\/08\/IMG_3791-300x225.jpg 300w, https:\/\/bellecasapaulo.fr\/wp-content\/uploads\/2019\/08\/IMG_3791-768x576.jpg 768w\" sizes=\"(max-width: 1024px) 100vw, 1024px\" \/><\/figure>\n<\/figure>\n\n\n\n<figure class=\"wp-block-gallery has-nested-images columns-default is-cropped wp-block-gallery-4 is-layout-flex wp-block-gallery-is-layout-flex\">\n<figure class=\"wp-block-image size-large\"><img loading=\"lazy\" decoding=\"async\" width=\"1024\" height=\"768\" data-id=\"253\" src=\"https:\/\/bellecasapaulo.fr\/wp-content\/uploads\/2019\/08\/IMG_3803-1024x768.jpg\" alt=\"Bungalox2-galerie-table-chaise-relax\" class=\"wp-image-253\" srcset=\"https:\/\/bellecasapaulo.fr\/wp-content\/uploads\/2019\/08\/IMG_3803-1024x768.jpg 1024w, https:\/\/bellecasapaulo.fr\/wp-content\/uploads\/2019\/08\/IMG_3803-300x225.jpg 300w, https:\/\/bellecasapaulo.fr\/wp-content\/uploads\/2019\/08\/IMG_3803-768x576.jpg 768w\" sizes=\"(max-width: 1024px) 100vw, 1024px\" \/><\/figure>\n<\/figure>\n\n\n\n<figure class=\"wp-block-gallery has-nested-images columns-default is-cropped wp-block-gallery-5 is-layout-flex wp-block-gallery-is-layout-flex\">\n<figure class=\"wp-block-image size-large\"><img loading=\"lazy\" decoding=\"async\" width=\"1024\" height=\"549\" data-id=\"254\" src=\"https:\/\/bellecasapaulo.fr\/wp-content\/uploads\/2019\/08\/IMG_3806-1024x549.jpg\" alt=\"Bungalow2-cuisine\" class=\"wp-image-254\" srcset=\"https:\/\/bellecasapaulo.fr\/wp-content\/uploads\/2019\/08\/IMG_3806-1024x549.jpg 1024w, https:\/\/bellecasapaulo.fr\/wp-content\/uploads\/2019\/08\/IMG_3806-300x161.jpg 300w, https:\/\/bellecasapaulo.fr\/wp-content\/uploads\/2019\/08\/IMG_3806-768x411.jpg 768w\" sizes=\"(max-width: 1024px) 100vw, 1024px\" \/><\/figure>\n<\/figure>\n\n\n\n<figure class=\"wp-block-gallery has-nested-images columns-default is-cropped wp-block-gallery-6 is-layout-flex wp-block-gallery-is-layout-flex\">\n<figure class=\"wp-block-image size-large\"><img loading=\"lazy\" decoding=\"async\" width=\"1024\" height=\"549\" data-id=\"255\" src=\"https:\/\/bellecasapaulo.fr\/wp-content\/uploads\/2019\/08\/IMG_3869-1024x549.jpg\" alt=\"Bungalow2-salle de bain et toilettes\" class=\"wp-image-255\" srcset=\"https:\/\/bellecasapaulo.fr\/wp-content\/uploads\/2019\/08\/IMG_3869-1024x549.jpg 1024w, https:\/\/bellecasapaulo.fr\/wp-content\/uploads\/2019\/08\/IMG_3869-300x161.jpg 300w, https:\/\/bellecasapaulo.fr\/wp-content\/uploads\/2019\/08\/IMG_3869-768x412.jpg 768w\" sizes=\"(max-width: 1024px) 100vw, 1024px\" \/><\/figure>\n<\/figure>\n","protected":false},"excerpt":{"rendered":"<p>Nous avons l&rsquo;honneur de vous accueillir dans le deuxi\u00e8me Bungalow qui vient s&rsquo;ajouter au premier et \u00e0 la partie Villa. Son agencement a \u00e9t\u00e9 pens\u00e9, toujours dans l&rsquo;id\u00e9e, pour que vous soyez \u00e0 votre aise ! Je vous laisse d\u00e9couvrir quelques photos : Pour agrandir les photos (clic droit et \u00ab\u00a0Ouvrir l&rsquo;image dans un nouvel [&hellip;]<\/p>\n","protected":false},"author":2,"featured_media":0,"parent":0,"menu_order":0,"comment_status":"closed","ping_status":"closed","template":"","meta":{"footnotes":""},"class_list":["post-223","page","type-page","status-publish","hentry"],"_links":{"self":[{"href":"https:\/\/bellecasapaulo.fr\/index.php?rest_route=\/wp\/v2\/pages\/223"}],"collection":[{"href":"https:\/\/bellecasapaulo.fr\/index.php?rest_route=\/wp\/v2\/pages"}],"about":[{"href":"https:\/\/bellecasapaulo.fr\/index.php?rest_route=\/wp\/v2\/types\/page"}],"author":[{"embeddable":true,"href":"https:\/\/bellecasapaulo.fr\/index.php?rest_route=\/wp\/v2\/users\/2"}],"replies":[{"embeddable":true,"href":"https:\/\/bellecasapaulo.fr\/index.php?rest_route=%2Fwp%2Fv2%2Fcomments&post=223"}],"version-history":[{"count":18,"href":"https:\/\/bellecasapaulo.fr\/index.php?rest_route=\/wp\/v2\/pages\/223\/revisions"}],"predecessor-version":[{"id":349,"href":"https:\/\/bellecasapaulo.fr\/index.php?rest_route=\/wp\/v2\/pages\/223\/revisions\/349"}],"wp:attachment":[{"href":"https:\/\/bellecasapaulo.fr\/index.php?rest_route=%2Fwp%2Fv2%2Fmedia&parent=223"}],"curies":[{"name":"wp","href":"https:\/\/api.w.org\/{rel}","templated":true}]}}